{"id":1486,"date":"2021-04-28T15:43:28","date_gmt":"2021-04-28T14:43:28","guid":{"rendered":"http:\/\/sotratherm.com\/?page_id=1486"},"modified":"2022-06-06T11:15:06","modified_gmt":"2022-06-06T10:15:06","slug":"politica-privacidad","status":"publish","type":"page","link":"http:\/\/sotratherm.com\/eu\/politica-privacidad\/","title":{"rendered":"Cookie politika"},"content":{"rendered":"<div data-elementor-type=\"wp-page\" data-elementor-id=\"1486\" class=\"elementor elementor-1486\">\n\t\t\t\t\t\t<div class=\"elementor-inner\">\n\t\t\t\t<div class=\"elementor-section-wrap\">\n\t\t\t\t\t\t\t\t\t<section class=\"elementor-section elementor-top-section elementor-element elementor-element-19eeb56f elementor-section-stretched elementor-section-full_width elementor-section-height-default elementor-section-height-default\" data-id=\"19eeb56f\" data-element_type=\"section\" data-settings=\"{&quot;stretch_section&quot;:&quot;section-stretched&quot;,&quot;sticky&quot;:&quot;top&quot;,&quot;sticky_on&quot;:[&quot;desktop&quot;,&quot;tablet&quot;,&quot;mobile&quot;],&quot;sticky_offset&quot;:0,&quot;sticky_effects_offset&quot;:0}\">\n\t\t\t\t\t\t<div class=\"elementor-container elementor-column-gap-no\">\n\t\t\t\t\t\t\t<div class=\"elementor-row\">\n\t\t\t\t\t<div class=\"elementor-column elementor-col-25 elementor-top-column elementor-element elementor-element-4d8e7349\" data-id=\"4d8e7349\" data-element_type=\"column\">\n\t\t\t<div class=\"elementor-column-wrap elementor-element-populated\">\n\t\t\t\t\t\t\t<div class=\"elementor-widget-wrap\">\n\t\t\t\t\t\t<div class=\"elementor-element elementor-element-b0827f0 elementor-widget elementor-widget-global elementor-global-446 elementor-widget-theme-site-logo\" data-id=\"b0827f0\" data-element_type=\"widget\" data-widget_type=\"theme-site-logo.default\">\n\t\t\t\t<div class=\"elementor-widget-container\">\n\t\t\t\t\t\t\t\t<div class=\"elementor-image\">\n\t\t\t\t\t\t\t\t\t\t\t\t\t<a href=\"http:\/\/sotratherm.com\/eu\">\n\t\t\t\t\t\t\t<img width=\"1568\" height=\"512\" src=\"https:\/\/sotratherm.com\/wp-content\/uploads\/2020\/08\/cropped-Sotratherm-LogoBigRounded.png\" class=\"attachment-full size-full\" alt=\"\" loading=\"lazy\" srcset=\"https:\/\/sotratherm.com\/wp-content\/uploads\/2020\/08\/cropped-Sotratherm-LogoBigRounded.png 1568w, https:\/\/sotratherm.com\/wp-content\/uploads\/2020\/08\/cropped-Sotratherm-LogoBigRounded-300x98.png 300w, https:\/\/sotratherm.com\/wp-content\/uploads\/2020\/08\/cropped-Sotratherm-LogoBigRounded-1024x334.png 1024w, https:\/\/sotratherm.com\/wp-content\/uploads\/2020\/08\/cropped-Sotratherm-LogoBigRounded-768x251.png 768w, https:\/\/sotratherm.com\/wp-content\/uploads\/2020\/08\/cropped-Sotratherm-LogoBigRounded-1536x502.png 1536w, https:\/\/sotratherm.com\/wp-content\/uploads\/2020\/08\/cropped-Sotratherm-LogoBigRounded-1200x392.png 1200w\" sizes=\"(max-width: 1568px) 100vw, 1568px\" \/>\t\t\t\t\t\t\t\t<\/a>\n\t\t\t\t\t\t\t\t\t\t\t\t\t\t<\/div>\n\t\t\t\t\t\t<\/div>\n\t\t\t\t<\/div>\n\t\t\t\t\t\t<\/div>\n\t\t\t\t\t<\/div>\n\t\t<\/div>\n\t\t\t\t<div class=\"elementor-column elementor-col-25 elementor-top-column elementor-element elementor-element-2ff8e63\" data-id=\"2ff8e63\" data-element_type=\"column\">\n\t\t\t<div class=\"elementor-column-wrap elementor-element-populated\">\n\t\t\t\t\t\t\t<div class=\"elementor-widget-wrap\">\n\t\t\t\t\t\t<div class=\"elementor-element elementor-element-8557ae7 elementor-nav-menu__align-center elementor-nav-menu--stretch elementor-nav-menu--dropdown-tablet elementor-nav-menu__text-align-aside elementor-nav-menu--toggle elementor-nav-menu--burger elementor-widget elementor-widget-global elementor-global-443 elementor-widget-nav-menu\" data-id=\"8557ae7\" data-element_type=\"widget\" data-settings=\"{&quot;full_width&quot;:&quot;stretch&quot;,&quot;_animation&quot;:&quot;none&quot;,&quot;submenu_icon&quot;:{&quot;value&quot;:&quot;&quot;,&quot;library&quot;:&quot;&quot;},&quot;toggle_icon_hover_animation&quot;:&quot;grow&quot;,&quot;layout&quot;:&quot;horizontal&quot;,&quot;toggle&quot;:&quot;burger&quot;}\" data-widget_type=\"nav-menu.default\">\n\t\t\t\t<div class=\"elementor-widget-container\">\n\t\t\t\t\t\t<nav migration_allowed=\"1\" migrated=\"0\" role=\"navigation\" class=\"elementor-nav-menu--main elementor-nav-menu__container elementor-nav-menu--layout-horizontal e--pointer-underline e--animation-grow\">\n\t\t\t\t<ul id=\"menu-1-8557ae7\" class=\"elementor-nav-menu\"><li class=\"menu-item menu-item-type-post_type menu-item-object-page menu-item-home menu-item-1968\"><a href=\"http:\/\/sotratherm.com\/eu\/\" class=\"elementor-item\"><i class=\"fa fa-home\" aria-hidden=\"true\"><\/i>\u00a0Home<\/a><\/li>\n<li class=\"menu-item menu-item-type-post_type menu-item-object-page menu-item-618\"><a href=\"http:\/\/sotratherm.com\/eu\/servicios\/\" class=\"elementor-item\"><i class=\"fas fa-users-cog\" aria-hidden=\"true\"><\/i>\u00a0Zerbitzuak<\/a><\/li>\n<li class=\"menu-item menu-item-type-post_type menu-item-object-page menu-item-238\"><a href=\"http:\/\/sotratherm.com\/eu\/sobre-nosotros\/\" class=\"elementor-item\"><i class=\"fas fa-users\" aria-hidden=\"true\"><\/i>\u00a0Guri buruz<\/a><\/li>\n<li class=\"menu-item menu-item-type-post_type menu-item-object-page menu-item-1375\"><a href=\"http:\/\/sotratherm.com\/eu\/galeria\/\" class=\"elementor-item\"><i class=\"fas fa-photo-video\"><\/i>\u00a0Galeria<\/a><\/li>\n<li class=\"menu-item menu-item-type-post_type menu-item-object-page menu-item-927\"><a href=\"http:\/\/sotratherm.com\/eu\/contacto\/\" class=\"elementor-item\"><i class=\"fas fa-address-card\" aria-hidden=\"true\"><\/i>\u00a0Kontaktua<\/a><\/li>\n<\/ul>\t\t\t<\/nav>\n\t\t\t\t\t<div class=\"elementor-menu-toggle\" role=\"button\" tabindex=\"0\" aria-label=\"Menu Toggle\" aria-expanded=\"false\">\n\t\t\t<i aria-hidden=\"true\" role=\"presentation\" class=\"elementor-menu-toggle__icon--open elementor-animation-grow fas fa-align-left\"><\/i><i aria-hidden=\"true\" role=\"presentation\" class=\"elementor-menu-toggle__icon--close elementor-animation-grow eicon-close\"><\/i>\t\t\t<span class=\"elementor-screen-only\">Menu<\/span>\n\t\t<\/div>\n\t\t\t<nav class=\"elementor-nav-menu--dropdown elementor-nav-menu__container\" role=\"navigation\" aria-hidden=\"true\">\n\t\t\t\t<ul id=\"menu-2-8557ae7\" class=\"elementor-nav-menu\"><li class=\"menu-item menu-item-type-post_type menu-item-object-page menu-item-home menu-item-1968\"><a href=\"http:\/\/sotratherm.com\/eu\/\" class=\"elementor-item\" tabindex=\"-1\"><i class=\"fa fa-home\" aria-hidden=\"true\"><\/i>\u00a0Home<\/a><\/li>\n<li class=\"menu-item menu-item-type-post_type menu-item-object-page menu-item-618\"><a href=\"http:\/\/sotratherm.com\/eu\/servicios\/\" class=\"elementor-item\" tabindex=\"-1\"><i class=\"fas fa-users-cog\" aria-hidden=\"true\"><\/i>\u00a0Zerbitzuak<\/a><\/li>\n<li class=\"menu-item menu-item-type-post_type menu-item-object-page menu-item-238\"><a href=\"http:\/\/sotratherm.com\/eu\/sobre-nosotros\/\" class=\"elementor-item\" tabindex=\"-1\"><i class=\"fas fa-users\" aria-hidden=\"true\"><\/i>\u00a0Guri buruz<\/a><\/li>\n<li class=\"menu-item menu-item-type-post_type menu-item-object-page menu-item-1375\"><a href=\"http:\/\/sotratherm.com\/eu\/galeria\/\" class=\"elementor-item\" tabindex=\"-1\"><i class=\"fas fa-photo-video\"><\/i>\u00a0Galeria<\/a><\/li>\n<li class=\"menu-item menu-item-type-post_type menu-item-object-page menu-item-927\"><a href=\"http:\/\/sotratherm.com\/eu\/contacto\/\" class=\"elementor-item\" tabindex=\"-1\"><i class=\"fas fa-address-card\" aria-hidden=\"true\"><\/i>\u00a0Kontaktua<\/a><\/li>\n<\/ul>\t\t\t<\/nav>\n\t\t\t\t<\/div>\n\t\t\t\t<\/div>\n\t\t\t\t\t\t<\/div>\n\t\t\t\t\t<\/div>\n\t\t<\/div>\n\t\t\t\t<div class=\"elementor-column elementor-col-25 elementor-top-column elementor-element elementor-element-21e27641\" data-id=\"21e27641\" data-element_type=\"column\">\n\t\t\t<div class=\"elementor-column-wrap elementor-element-populated\">\n\t\t\t\t\t\t\t<div class=\"elementor-widget-wrap\">\n\t\t\t\t\t\t<div class=\"elementor-element elementor-element-69f9d998 elementor-view-default elementor-widget elementor-widget-icon\" data-id=\"69f9d998\" data-element_type=\"widget\" data-no-translation=\"\" data-widget_type=\"icon.default\">\n\t\t\t\t<div class=\"elementor-widget-container\">\n\t\t\t\t\t<div class=\"elementor-icon-wrapper\">\n\t\t\t<a class=\"elementor-icon elementor-animation-grow\" href=\"https:\/\/sotratherm.com\/es\/politica-privacidad\/\">\n\t\t\t<svg xmlns=\"http:\/\/www.w3.org\/2000\/svg\" width=\"700.000000pt\" height=\"700.000000pt\" viewbox=\"0 0 700.000000 700.000000\" preserveaspectratio=\"xMidYMid meet\"><metadata>\nCreated by potrace 1.12, written by Peter Selinger 2001-2015\n<\/metadata><g transform=\"translate(0.000000,700.000000) scale(0.100000,-0.100000)\" fill=\"#000000\" stroke=\"none\"><path d=\"M5053 5669 c-585 -52 -1049 -314 -1247 -704 -149 -295 -154 -656 -11 -951 149 -309 459 -552 955 -752 69 -28 231 -86 360 -130 498 -170 669 -257 772 -394 67 -88 101 -253 79 -373 -55 -297 -379 -448 -846 -395 -301 35 -496 150 -593 350 -44 91 -72 205 -72 295 l0 55 -445 0 -445 0 0 -56 c0 -146 48 -355 115 -501 108 -234 321 -457 566 -592 394 -218 887 -303 1390 -240 435 54 789 226 995 484 173 215 252 500 224 801 -27 292 -129 513 -330 714 -232 232 -512 379 -1078 566 -172 57 -365 128 -430 157 -220 100 -346 198 -400 315 -24 51 -27 69 -27 168 0 107 1 112 38 186 75 152 233 254 447 288 94 14 306 12 392 -4 214 -41 366 -148 444 -311 36 -75 64 -183 64 -252 l0 -43 445 0 445 0 -6 78 c-19 263 -101 487 -249 684 -306 407 -889 616 -1552 557z\"><\/path><path d=\"M280 3470 l0 -2150 1440 0 1440 0 0 355 0 355 -1000 0 -1000 0 0 575 0 575 850 0 850 0 0 350 0 350 -850 0 -850 0 0 510 0 510 995 0 995 0 0 360 0 360 -1435 0 -1435 0 0 -2150z\"><\/path><\/g><\/svg>\t\t\t<\/a>\n\t\t<\/div>\n\t\t\t\t<\/div>\n\t\t\t\t<\/div>\n\t\t\t\t\t\t<\/div>\n\t\t\t\t\t<\/div>\n\t\t<\/div>\n\t\t\t\t<div class=\"elementor-column elementor-col-25 elementor-top-column elementor-element elementor-element-774e9f5a\" data-id=\"774e9f5a\" data-element_type=\"column\">\n\t\t\t<div class=\"elementor-column-wrap elementor-element-populated\">\n\t\t\t\t\t\t\t<div class=\"elementor-widget-wrap\">\n\t\t\t\t\t\t<div class=\"elementor-element elementor-element-66377802 elementor-view-default elementor-widget elementor-widget-icon\" data-id=\"66377802\" data-element_type=\"widget\" data-no-translation=\"\" data-widget_type=\"icon.default\">\n\t\t\t\t<div class=\"elementor-widget-container\">\n\t\t\t\t\t<div class=\"elementor-icon-wrapper\">\n\t\t\t<a class=\"elementor-icon elementor-animation-grow\" href=\"https:\/\/sotratherm.com\/eu\/politica-privacidad\/\">\n\t\t\t<svg xmlns=\"http:\/\/www.w3.org\/2000\/svg\" width=\"700.000000pt\" height=\"700.000000pt\" viewbox=\"0 0 700.000000 700.000000\" preserveaspectratio=\"xMidYMid meet\"><metadata>\nCreated by potrace 1.12, written by Peter Selinger 2001-2015\n<\/metadata><g transform=\"translate(0.000000,700.000000) scale(0.100000,-0.100000)\" fill=\"#000000\" stroke=\"none\"><path d=\"M140 3470 l0 -2150 1443 2 1442 3 3 353 2 352 -1000 0 -1000 0 0 575 0 575 850 0 850 0 0 350 0 350 -850 0 -850 0 0 510 0 510 995 0 995 0 0 360 0 360 -1440 0 -1440 0 0 -2150z\"><\/path><path d=\"M3573 4073 c3 -1728 -2 -1602 74 -1837 156 -485 556 -820 1107 -931 397 -79 868 -47 1200 81 209 81 371 188 522 346 164 172 267 359 329 598 50 192 48 119 52 1758 l4 1532 -446 0 -445 0 0 -1484 c0 -1576 0 -1564 -46 -1711 -68 -211 -231 -367 -439 -420 -206 -52 -469 -39 -637 34 -203 87 -312 229 -379 496 -10 39 -14 387 -16 1568 l-4 1517 -439 0 -440 0 3 -1547z\"><\/path><\/g><\/svg>\t\t\t<\/a>\n\t\t<\/div>\n\t\t\t\t<\/div>\n\t\t\t\t<\/div>\n\t\t\t\t\t\t<\/div>\n\t\t\t\t\t<\/div>\n\t\t<\/div>\n\t\t\t\t\t\t\t\t<\/div>\n\t\t\t\t\t<\/div>\n\t\t<\/section>\n\t\t\t\t<section class=\"elementor-section elementor-top-section elementor-element elementor-element-cacc52f elementor-section-full_width elementor-section-height-default elementor-section-height-default\" data-id=\"cacc52f\" data-element_type=\"section\" data-settings=\"{&quot;background_background&quot;:&quot;classic&quot;,&quot;shape_divider_bottom&quot;:&quot;waves&quot;}\">\n\t\t\t\t\t<div class=\"elementor-shape elementor-shape-bottom\" data-negative=\"false\">\n\t\t\t<svg xmlns=\"http:\/\/www.w3.org\/2000\/svg\" viewbox=\"0 0 1000 100\" preserveaspectratio=\"none\">\n\t<path class=\"elementor-shape-fill\" d=\"M421.9,6.5c22.6-2.5,51.5,0.4,75.5,5.3c23.6,4.9,70.9,23.5,100.5,35.7c75.8,32.2,133.7,44.5,192.6,49.7\tc23.6,2.1,48.7,3.5,103.4-2.5c54.7-6,106.2-25.6,106.2-25.6V0H0v30.3c0,0,72,32.6,158.4,30.5c39.2-0.7,92.8-6.7,134-22.4\tc21.2-8.1,52.2-18.2,79.7-24.2C399.3,7.9,411.6,7.5,421.9,6.5z\"\/>\n<\/svg>\t\t<\/div>\n\t\t\t\t\t<div class=\"elementor-container elementor-column-gap-default\">\n\t\t\t\t\t\t\t<div class=\"elementor-row\">\n\t\t\t\t\t<div class=\"elementor-column elementor-col-100 elementor-top-column elementor-element elementor-element-bd81eff\" data-id=\"bd81eff\" data-element_type=\"column\">\n\t\t\t<div class=\"elementor-column-wrap elementor-element-populated\">\n\t\t\t\t\t\t\t<div class=\"elementor-widget-wrap\">\n\t\t\t\t\t\t<div class=\"elementor-element elementor-element-db88917 elementor-widget elementor-widget-heading\" data-id=\"db88917\" data-element_type=\"widget\" data-widget_type=\"heading.default\">\n\t\t\t\t<div class=\"elementor-widget-container\">\n\t\t\t<h2 class=\"elementor-heading-title elementor-size-default\">Cookie politika<\/h2>\t\t<\/div>\n\t\t\t\t<\/div>\n\t\t\t\t<div class=\"elementor-element elementor-element-b40b034 elementor-widget elementor-widget-text-editor\" data-id=\"b40b034\" data-element_type=\"widget\" data-widget_type=\"text-editor.default\">\n\t\t\t\t<div class=\"elementor-widget-container\">\n\t\t\t\t\t\t\t\t<div class=\"elementor-text-editor elementor-clearfix\">\n\t\t\t\t<p>SOTRATHERM, S.L.k cookie-en erabilerari buruzko informazioa ematen du bere webgunean: www.sotratherm.com<\/p><p><strong>Zer dira cookieak?<\/strong><\/p><p>Cookieak testu-fitxategi txikiak dira, eta zure ordenagailuan, smartphonean edo Internetera sartzea ahalbidetzen duen beste edozein gailutan bidaltzen eta gordetzen dira, web orri bat bisitatzen duzun bakoitzean. Cookieak erabilgarriak dira webgune bati erabiltzailearen gailua ezagutzeko aukera ematen diotelako.<\/p><p>Erabiltzen ditugun cookieek ez dute datu pertsonalik gordetzen, ezta identifika dezakeen inolako informaziorik ere. Cookiek eskaintzen dizkizugun zerbitzuak hobetzeko balio dute. Batzuk orrialdeak ondo funtzionatzeko behar-beharrezkoak dira, eta beste batzuek errendimendua eta zure esperientzia hobetzeko balio dute.<\/p><p>Jarraian, cookien sailkapen bat egiten da, kategoria batzuen arabera.<\/p><p><b>Cookie motak, kudeatzen dituen erakundearen arabera:<\/b><\/p><ul><li class=\" translation-block\"><strong>Cookie propioak:<\/strong> editoreak berak kudeatutako eta erabiltzaileak eskatutako zerbitzua ematen duen ekipo edo domeinu batetik erabiltzailearen terminalera bidaltzen direnak dira.<\/li><li class=\" translation-block\"><strong>Hirugarrenen cookieak:<\/strong> editoreak kudeatzen ez duen ekipo edo domeinu batetik erabiltzailearen ekipo terminalera bidaltzen direnak dira, cookieen bidez lortutako datuak tratatzen dituen beste erakunde batek kudeatzen dituenak baizik.<\/li><\/ul><p><b>Cookie motak, aktibatuta dauden denboraren arabera:<\/b><\/p><ul><li class=\" translation-block\"><strong>Saioko cookieak:<\/strong> erabiltzailea webgune batera sartzen den bitartean datuak bildu eta gordetzeko diseinatutako cookie mota bat da.<\/li><li class=\" translation-block\"><strong>Cookie iraunkorrak:<\/strong> cookie mota honetan, datuak terminalean gordeta daude oraindik, eta cookiearen arduradunak zehaztutako aldi batean eskuratu eta tratatu daitezke, minutu batzuetatik urte batzuetara.<\/li><\/ul><p><b>Helburuaren araberako cookie motak:<\/b><\/p><ul><li class=\" translation-block\"><strong>Cookie teknikoak:<\/strong> erabiltzaileari aukera ematen diote web orri, plataforma edo aplikazio baten bidez nabigatzeko eta bertan dauden aukera edo zerbitzuak erabiltzeko, hala nola, trafikoa eta datuen komunikazioa kontrolatzea, saioa identifikatzea, sarbide mugatuko zatietara sartzea, eskaera bat osatzen duten elementuak gogoratzea, eskaera baten bidez erosteko prozesua egitea, ekitaldi batean edukiak zabaltzeko edo parte hartzeko eskaera egitea, ekitaldi batean bideoak erabiltzea edo edukiak partekatzea.<\/li><li class=\" translation-block\"><strong>Pertsonalizazio-cookieak: <\/strong>erabiltzaileari zerbitzura sartzeko aukera ematen diotenak dira, erabiltzailearen terminaleko zenbait irizpideren arabera aurrez definitutako ezaugarri orokor batzuekin, hala nola hizkuntza, zerbitzura sartzeko erabiltzen duen nabigatzaile mota, zerbitzura sartzeko eskualdeko konfigurazioa, etab.<\/li><li class=\" translation-block\"><strong>Analisi-cookieak:<\/strong> arduradunari lotutako webguneen erabiltzaileen portaeraren jarraipena eta analisia egiteko aukera ematen diotenak dira. Cookie mota honen bidez jasotako informazioa webguneen, aplikazioaren edo plataformaren jarduera neurtzeko eta gune, aplikazio eta plataforma horien erabiltzaileen nabigazio-profilak egiteko erabiltzen da, zerbitzuaren erabiltzaileek egiten duten erabilera-datuen analisiaren arabera hobekuntzak sartzeko.<\/li><li><strong>Cookies publicitarias<\/strong>: Son aqu\u00e9llas que permiten la gesti\u00f3n, de la forma m\u00e1s eficaz posible, de los espacios publicitarios que, en su caso, el editor haya incluido en una p\u00e1gina web, aplicaci\u00f3n o plataforma desde la que presta el servicio solicitado en base a criterios como el contenido editado o la frecuencia en la que se muestran los anuncios.<\/li><li class=\" translation-block\"><strong>Portaera-publizitatearen cookieak:<strong> editoreak eskatutako zerbitzua ematen duen web orri, aplikazio edo plataforma batean sartu dituen publizitate-espazioak ahalik eta modu eraginkorrenean kudeatzeko aukera ematen dutenak dira. Cookie horiek erabiltzaileen portaerari buruzko informazioa biltzen dute, haien nabigazio-ohituren etengabeko behaketaren bidez lortua; horri esker, profil espezifiko bat gara daiteke, haren araberako publizitatea erakusteko.<\/li><\/ul><p class=\" translation-block\">SOTRATHERMen webgunean, www.sotratherm.com, honako cookie hauek erabiltzen dira:<\/p><ul><li class=\" translation-block\"><strong>Cookie analitikoak;<\/strong> Webaren analisia Interneteko datuen txostenak neurtu, bildu, aztertu eta sortzea da, webgunearen erabilera ulertu eta optimizatzeko.<\/li><li class=\" translation-block\"><strong>Cookie funtzionalak:<\/strong> erabiltzaileari nabigazioan esperientzia hobea izaten laguntzen dioten cookieak dira.<\/li><li class=\" translation-block\"><strong>Cookie teknikoak:<\/strong> cookie teknikoak beharrezkoak dira webgunea behar bezala erakusteko eta guneak behar bezala funtzionatzen duela bermatzeko.<\/li><\/ul><p>Mesedez, gogoratu cookieak gure web orrian funtzio batzuk hobetzeko eta ahalbidetzeko erabiltzen direla. Cookie batzuk gaitasungabetzea aukeratzen baduzu, litekeena da horrek eragina izatea orriaren funtzionamenduan.<\/p>\t\t\t\t\t<\/div>\n\t\t\t\t\t\t<\/div>\n\t\t\t\t<\/div>\n\t\t\t\t\t\t<\/div>\n\t\t\t\t\t<\/div>\n\t\t<\/div>\n\t\t\t\t\t\t\t\t<\/div>\n\t\t\t\t\t<\/div>\n\t\t<\/section>\n\t\t\t\t<section class=\"elementor-section elementor-top-section elementor-element elementor-element-5aab95fe elementor-section-boxed elementor-section-height-default elementor-section-height-default\" data-id=\"5aab95fe\" data-element_type=\"section\" data-settings=\"{&quot;background_background&quot;:&quot;classic&quot;}\">\n\t\t\t\t\t\t<div class=\"elementor-container elementor-column-gap-default\">\n\t\t\t\t\t\t\t<div class=\"elementor-row\">\n\t\t\t\t\t<div class=\"elementor-column elementor-col-50 elementor-top-column elementor-element elementor-element-7f68aa7\" data-id=\"7f68aa7\" data-element_type=\"column\">\n\t\t\t<div class=\"elementor-column-wrap elementor-element-populated\">\n\t\t\t\t\t\t\t<div class=\"elementor-widget-wrap\">\n\t\t\t\t\t\t<div class=\"elementor-element elementor-element-1840ae8e elementor-widget elementor-widget-image\" data-id=\"1840ae8e\" data-element_type=\"widget\" data-widget_type=\"image.default\">\n\t\t\t\t<div class=\"elementor-widget-container\">\n\t\t\t\t\t\t\t\t<div class=\"elementor-image\">\n\t\t\t\t\t\t\t\t\t\t\t\t<img width=\"300\" height=\"98\" src=\"https:\/\/sotratherm.com\/wp-content\/uploads\/2020\/08\/Sotratherm-LogoBigRounded-300x98.png\" class=\"attachment-medium size-medium\" alt=\"\" loading=\"lazy\" srcset=\"https:\/\/sotratherm.com\/wp-content\/uploads\/2020\/08\/Sotratherm-LogoBigRounded-300x98.png 300w, https:\/\/sotratherm.com\/wp-content\/uploads\/2020\/08\/Sotratherm-LogoBigRounded-1024x334.png 1024w, https:\/\/sotratherm.com\/wp-content\/uploads\/2020\/08\/Sotratherm-LogoBigRounded-768x251.png 768w, https:\/\/sotratherm.com\/wp-content\/uploads\/2020\/08\/Sotratherm-LogoBigRounded-1536x502.png 1536w, https:\/\/sotratherm.com\/wp-content\/uploads\/2020\/08\/Sotratherm-LogoBigRounded-1200x392.png 1200w, https:\/\/sotratherm.com\/wp-content\/uploads\/2020\/08\/Sotratherm-LogoBigRounded.png 1568w\" sizes=\"(max-width: 300px) 100vw, 300px\" \/>\t\t\t\t\t\t\t\t\t\t\t\t\t\t<\/div>\n\t\t\t\t\t\t<\/div>\n\t\t\t\t<\/div>\n\t\t\t\t<div class=\"elementor-element elementor-element-da64dd2 elementor-view-stacked elementor-position-right elementor-shape-circle elementor-mobile-position-top elementor-vertical-align-top elementor-widget elementor-widget-icon-box\" data-id=\"da64dd2\" data-element_type=\"widget\" data-widget_type=\"icon-box.default\">\n\t\t\t\t<div class=\"elementor-widget-container\">\n\t\t\t\t\t<div class=\"elementor-icon-box-wrapper\">\n\t\t\t\t\t\t<div class=\"elementor-icon-box-icon\">\n\t\t\t\t<a class=\"elementor-icon elementor-animation-float\" href=\"#top\">\n\t\t\t\t<i aria-hidden=\"true\" class=\"fas fa-arrow-up\"><\/i>\t\t\t\t<\/a>\n\t\t\t<\/div>\n\t\t\t\t\t\t<div class=\"elementor-icon-box-content\">\n\t\t\t\t<h3 class=\"elementor-icon-box-title\">\n\t\t\t\t\t<a href=\"#top\" >\n\t\t\t\t\t\t\t\t\t\t\t<\/a>\n\t\t\t\t<\/h3>\n\t\t\t\t\t\t\t<\/div>\n\t\t<\/div>\n\t\t\t\t<\/div>\n\t\t\t\t<\/div>\n\t\t\t\t\t\t<\/div>\n\t\t\t\t\t<\/div>\n\t\t<\/div>\n\t\t\t\t<div class=\"elementor-column elementor-col-50 elementor-top-column elementor-element elementor-element-7d9eeec6\" data-id=\"7d9eeec6\" data-element_type=\"column\">\n\t\t\t<div class=\"elementor-column-wrap elementor-element-populated\">\n\t\t\t\t\t\t\t<div class=\"elementor-widget-wrap\">\n\t\t\t\t\t\t<div class=\"elementor-element elementor-element-4e9570ca elementor-widget elementor-widget-heading\" data-id=\"4e9570ca\" data-element_type=\"widget\" data-widget_type=\"heading.default\">\n\t\t\t\t<div class=\"elementor-widget-container\">\n\t\t\t<h6 class=\"elementor-heading-title elementor-size-small\">SOTRATHERM, S.L.Lab. | 2022<\/h6>\t\t<\/div>\n\t\t\t\t<\/div>\n\t\t\t\t<div class=\"elementor-element elementor-element-53a47ca6 elementor-widget elementor-widget-heading\" data-id=\"53a47ca6\" data-element_type=\"widget\" data-widget_type=\"heading.default\">\n\t\t\t\t<div class=\"elementor-widget-container\">\n\t\t\t<h6 class=\"elementor-heading-title elementor-size-small\">\u00a9 ESKUBIDE GUZTIAK ERRESERBATUTA<\/h6>\t\t<\/div>\n\t\t\t\t<\/div>\n\t\t\t\t<div class=\"elementor-element elementor-element-5b079338 elementor-widget elementor-widget-heading\" data-id=\"5b079338\" data-element_type=\"widget\" data-widget_type=\"heading.default\">\n\t\t\t\t<div class=\"elementor-widget-container\">\n\t\t\t<h6 class=\"elementor-heading-title elementor-size-small\">Dr. Atxukarro, 10, 2-D<\/h6>\t\t<\/div>\n\t\t\t\t<\/div>\n\t\t\t\t\t\t<\/div>\n\t\t\t\t\t<\/div>\n\t\t<\/div>\n\t\t\t\t\t\t\t\t<\/div>\n\t\t\t\t\t<\/div>\n\t\t<\/section>\n\t\t\t\t<section class=\"elementor-section elementor-top-section elementor-element elementor-element-6bdbf8e elementor-section-stretched elementor-section-full_width elementor-section-height-default elementor-section-height-default\" data-id=\"6bdbf8e\" data-element_type=\"section\" data-settings=\"{&quot;stretch_section&quot;:&quot;section-stretched&quot;,&quot;background_background&quot;:&quot;classic&quot;}\">\n\t\t\t\t\t\t<div class=\"elementor-container elementor-column-gap-no\">\n\t\t\t\t\t\t\t<div class=\"elementor-row\">\n\t\t\t\t\t<div class=\"elementor-column elementor-col-100 elementor-top-column elementor-element elementor-element-be0f1c0\" data-id=\"be0f1c0\" data-element_type=\"column\">\n\t\t\t<div class=\"elementor-column-wrap elementor-element-populated\">\n\t\t\t\t\t\t\t<div class=\"elementor-widget-wrap\">\n\t\t\t\t\t\t<div class=\"elementor-element elementor-element-e1777a6 elementor-widget elementor-widget-text-editor\" data-id=\"e1777a6\" data-element_type=\"widget\" data-widget_type=\"text-editor.default\">\n\t\t\t\t<div class=\"elementor-widget-container\">\n\t\t\t\t\t\t\t\t<div class=\"elementor-text-editor elementor-clearfix\">\n\t\t\t\t<p style=\"text-align: center;\"><a href=\"http:\/\/sotratherm.com\/eu\/aviso-legal\/\">Lege Oharra<\/a> | <a href=\"http:\/\/sotratherm.com\/eu\/politica-privacidad\/\">Cookie politika<\/a> | <a href=\"http:\/\/sotratherm.com\/eu\/politica-proteccion-datos\/\">Datu-babes politika<\/a> | <a href=\"http:\/\/sotratherm.com\/eu\/responsabilidad-corporativa\/\">Erantzukizun korporatiboa<\/a><\/p>\t\t\t\t\t<\/div>\n\t\t\t\t\t\t<\/div>\n\t\t\t\t<\/div>\n\t\t\t\t\t\t<\/div>\n\t\t\t\t\t<\/div>\n\t\t<\/div>\n\t\t\t\t\t\t\t\t<\/div>\n\t\t\t\t\t<\/div>\n\t\t<\/section>\n\t\t\t\t\t\t\t\t\t<\/div>\n\t\t\t<\/div>\n\t\t\t\t\t<\/div>","protected":false},"excerpt":{"rendered":"<p>Created by potrace 1.12, written by Peter Selinger 2001-2015 Created by potrace 1.12, written by Peter Selinger 2001-2015 Pol\u00edtica de cookies SOTRATHERM, S.L. informa acerca del uso de cookies en su p\u00e1gina web: www.sotratherm.com \u00bfQu\u00e9 son las cookies? Las cookies son peque\u00f1os archivos de texto que se mandan y almacenan en su ordenador, smartphone o [&hellip;]<\/p>","protected":false},"author":1,"featured_media":0,"parent":0,"menu_order":0,"comment_status":"closed","ping_status":"closed","template":"elementor_canvas","meta":[],"_links":{"self":[{"href":"http:\/\/sotratherm.com\/eu\/wp-json\/wp\/v2\/pages\/1486"}],"collection":[{"href":"http:\/\/sotratherm.com\/eu\/wp-json\/wp\/v2\/pages"}],"about":[{"href":"http:\/\/sotratherm.com\/eu\/wp-json\/wp\/v2\/types\/page"}],"author":[{"embeddable":true,"href":"http:\/\/sotratherm.com\/eu\/wp-json\/wp\/v2\/users\/1"}],"replies":[{"embeddable":true,"href":"http:\/\/sotratherm.com\/eu\/wp-json\/wp\/v2\/comments?post=1486"}],"version-history":[{"count":22,"href":"http:\/\/sotratherm.com\/eu\/wp-json\/wp\/v2\/pages\/1486\/revisions"}],"predecessor-version":[{"id":2136,"href":"http:\/\/sotratherm.com\/eu\/wp-json\/wp\/v2\/pages\/1486\/revisions\/2136"}],"wp:attachment":[{"href":"http:\/\/sotratherm.com\/eu\/wp-json\/wp\/v2\/media?parent=1486"}],"curies":[{"name":"wp","href":"https:\/\/api.w.org\/{rel}","templated":true}]}}