{"id":1459,"date":"2021-04-28T14:18:27","date_gmt":"2021-04-28T13:18:27","guid":{"rendered":"http:\/\/sotratherm.com\/?page_id=1459"},"modified":"2022-06-06T11:14:50","modified_gmt":"2022-06-06T10:14:50","slug":"aviso-legal","status":"publish","type":"page","link":"http:\/\/sotratherm.com\/es\/aviso-legal\/","title":{"rendered":"Aviso legal"},"content":{"rendered":"\t\t<div data-elementor-type=\"wp-page\" data-elementor-id=\"1459\" class=\"elementor elementor-1459\">\n\t\t\t\t\t\t<div class=\"elementor-inner\">\n\t\t\t\t<div class=\"elementor-section-wrap\">\n\t\t\t\t\t\t\t\t\t<section class=\"elementor-section elementor-top-section elementor-element elementor-element-76975a4d elementor-section-stretched elementor-section-full_width elementor-section-height-default elementor-section-height-default\" data-id=\"76975a4d\" data-element_type=\"section\" data-settings=\"{&quot;stretch_section&quot;:&quot;section-stretched&quot;,&quot;sticky&quot;:&quot;top&quot;,&quot;sticky_on&quot;:[&quot;desktop&quot;,&quot;tablet&quot;,&quot;mobile&quot;],&quot;sticky_offset&quot;:0,&quot;sticky_effects_offset&quot;:0}\">\n\t\t\t\t\t\t<div class=\"elementor-container elementor-column-gap-no\">\n\t\t\t\t\t\t\t<div class=\"elementor-row\">\n\t\t\t\t\t<div class=\"elementor-column elementor-col-25 elementor-top-column elementor-element elementor-element-2d82323e\" data-id=\"2d82323e\" data-element_type=\"column\">\n\t\t\t<div class=\"elementor-column-wrap elementor-element-populated\">\n\t\t\t\t\t\t\t<div class=\"elementor-widget-wrap\">\n\t\t\t\t\t\t<div class=\"elementor-element elementor-element-3c764cea elementor-widget elementor-widget-global elementor-global-446 elementor-widget-theme-site-logo\" data-id=\"3c764cea\" data-element_type=\"widget\" data-widget_type=\"theme-site-logo.default\">\n\t\t\t\t<div class=\"elementor-widget-container\">\n\t\t\t\t\t\t\t\t<div class=\"elementor-image\">\n\t\t\t\t\t\t\t\t\t\t\t\t\t<a href=\"http:\/\/sotratherm.com\/es\">\n\t\t\t\t\t\t\t<img width=\"1568\" height=\"512\" src=\"https:\/\/sotratherm.com\/wp-content\/uploads\/2020\/08\/cropped-Sotratherm-LogoBigRounded.png\" class=\"attachment-full size-full\" alt=\"\" loading=\"lazy\" srcset=\"https:\/\/sotratherm.com\/wp-content\/uploads\/2020\/08\/cropped-Sotratherm-LogoBigRounded.png 1568w, https:\/\/sotratherm.com\/wp-content\/uploads\/2020\/08\/cropped-Sotratherm-LogoBigRounded-300x98.png 300w, https:\/\/sotratherm.com\/wp-content\/uploads\/2020\/08\/cropped-Sotratherm-LogoBigRounded-1024x334.png 1024w, https:\/\/sotratherm.com\/wp-content\/uploads\/2020\/08\/cropped-Sotratherm-LogoBigRounded-768x251.png 768w, https:\/\/sotratherm.com\/wp-content\/uploads\/2020\/08\/cropped-Sotratherm-LogoBigRounded-1536x502.png 1536w, https:\/\/sotratherm.com\/wp-content\/uploads\/2020\/08\/cropped-Sotratherm-LogoBigRounded-1200x392.png 1200w\" sizes=\"(max-width: 1568px) 100vw, 1568px\" \/>\t\t\t\t\t\t\t\t<\/a>\n\t\t\t\t\t\t\t\t\t\t\t\t\t\t<\/div>\n\t\t\t\t\t\t<\/div>\n\t\t\t\t<\/div>\n\t\t\t\t\t\t<\/div>\n\t\t\t\t\t<\/div>\n\t\t<\/div>\n\t\t\t\t<div class=\"elementor-column elementor-col-25 elementor-top-column elementor-element elementor-element-6f68134a\" data-id=\"6f68134a\" data-element_type=\"column\">\n\t\t\t<div class=\"elementor-column-wrap elementor-element-populated\">\n\t\t\t\t\t\t\t<div class=\"elementor-widget-wrap\">\n\t\t\t\t\t\t<div class=\"elementor-element elementor-element-1d82f0ec elementor-nav-menu__align-center elementor-nav-menu--stretch elementor-nav-menu--dropdown-tablet elementor-nav-menu__text-align-aside elementor-nav-menu--toggle elementor-nav-menu--burger elementor-widget elementor-widget-global elementor-global-443 elementor-widget-nav-menu\" data-id=\"1d82f0ec\" data-element_type=\"widget\" data-settings=\"{&quot;full_width&quot;:&quot;stretch&quot;,&quot;_animation&quot;:&quot;none&quot;,&quot;submenu_icon&quot;:{&quot;value&quot;:&quot;&quot;,&quot;library&quot;:&quot;&quot;},&quot;toggle_icon_hover_animation&quot;:&quot;grow&quot;,&quot;layout&quot;:&quot;horizontal&quot;,&quot;toggle&quot;:&quot;burger&quot;}\" data-widget_type=\"nav-menu.default\">\n\t\t\t\t<div class=\"elementor-widget-container\">\n\t\t\t\t\t\t<nav migration_allowed=\"1\" migrated=\"0\" role=\"navigation\" class=\"elementor-nav-menu--main elementor-nav-menu__container elementor-nav-menu--layout-horizontal e--pointer-underline e--animation-grow\">\n\t\t\t\t<ul id=\"menu-1-1d82f0ec\" class=\"elementor-nav-menu\"><li class=\"menu-item menu-item-type-post_type menu-item-object-page menu-item-home menu-item-1968\"><a href=\"http:\/\/sotratherm.com\/es\/\" class=\"elementor-item\"><i class=\"fa fa-home\" aria-hidden=\"true\"><\/i>\u00a0Home<\/a><\/li>\n<li class=\"menu-item menu-item-type-post_type menu-item-object-page menu-item-618\"><a href=\"http:\/\/sotratherm.com\/es\/servicios\/\" class=\"elementor-item\"><i class=\"fas fa-users-cog\" aria-hidden=\"true\"><\/i>\u00a0Servicios<\/a><\/li>\n<li class=\"menu-item menu-item-type-post_type menu-item-object-page menu-item-238\"><a href=\"http:\/\/sotratherm.com\/es\/sobre-nosotros\/\" class=\"elementor-item\"><i class=\"fas fa-users\" aria-hidden=\"true\"><\/i>\u00a0Sobre nosotros<\/a><\/li>\n<li class=\"menu-item menu-item-type-post_type menu-item-object-page menu-item-1375\"><a href=\"http:\/\/sotratherm.com\/es\/galeria\/\" class=\"elementor-item\"><i class=\"fas fa-photo-video\"><\/i>\u00a0Galer\u00eda<\/a><\/li>\n<li class=\"menu-item menu-item-type-post_type menu-item-object-page menu-item-927\"><a href=\"http:\/\/sotratherm.com\/es\/contacto\/\" class=\"elementor-item\"><i class=\"fas fa-address-card\" aria-hidden=\"true\"><\/i>\u00a0Contacto<\/a><\/li>\n<\/ul>\t\t\t<\/nav>\n\t\t\t\t\t<div class=\"elementor-menu-toggle\" role=\"button\" tabindex=\"0\" aria-label=\"Menu Toggle\" aria-expanded=\"false\">\n\t\t\t<i aria-hidden=\"true\" role=\"presentation\" class=\"elementor-menu-toggle__icon--open elementor-animation-grow fas fa-align-left\"><\/i><i aria-hidden=\"true\" role=\"presentation\" class=\"elementor-menu-toggle__icon--close elementor-animation-grow eicon-close\"><\/i>\t\t\t<span class=\"elementor-screen-only\">Menu<\/span>\n\t\t<\/div>\n\t\t\t<nav class=\"elementor-nav-menu--dropdown elementor-nav-menu__container\" role=\"navigation\" aria-hidden=\"true\">\n\t\t\t\t<ul id=\"menu-2-1d82f0ec\" class=\"elementor-nav-menu\"><li class=\"menu-item menu-item-type-post_type menu-item-object-page menu-item-home menu-item-1968\"><a href=\"http:\/\/sotratherm.com\/es\/\" class=\"elementor-item\" tabindex=\"-1\"><i class=\"fa fa-home\" aria-hidden=\"true\"><\/i>\u00a0Home<\/a><\/li>\n<li class=\"menu-item menu-item-type-post_type menu-item-object-page menu-item-618\"><a href=\"http:\/\/sotratherm.com\/es\/servicios\/\" class=\"elementor-item\" tabindex=\"-1\"><i class=\"fas fa-users-cog\" aria-hidden=\"true\"><\/i>\u00a0Servicios<\/a><\/li>\n<li class=\"menu-item menu-item-type-post_type menu-item-object-page menu-item-238\"><a href=\"http:\/\/sotratherm.com\/es\/sobre-nosotros\/\" class=\"elementor-item\" tabindex=\"-1\"><i class=\"fas fa-users\" aria-hidden=\"true\"><\/i>\u00a0Sobre nosotros<\/a><\/li>\n<li class=\"menu-item menu-item-type-post_type menu-item-object-page menu-item-1375\"><a href=\"http:\/\/sotratherm.com\/es\/galeria\/\" class=\"elementor-item\" tabindex=\"-1\"><i class=\"fas fa-photo-video\"><\/i>\u00a0Galer\u00eda<\/a><\/li>\n<li class=\"menu-item menu-item-type-post_type menu-item-object-page menu-item-927\"><a href=\"http:\/\/sotratherm.com\/es\/contacto\/\" class=\"elementor-item\" tabindex=\"-1\"><i class=\"fas fa-address-card\" aria-hidden=\"true\"><\/i>\u00a0Contacto<\/a><\/li>\n<\/ul>\t\t\t<\/nav>\n\t\t\t\t<\/div>\n\t\t\t\t<\/div>\n\t\t\t\t\t\t<\/div>\n\t\t\t\t\t<\/div>\n\t\t<\/div>\n\t\t\t\t<div class=\"elementor-column elementor-col-25 elementor-top-column elementor-element elementor-element-353361f3\" data-id=\"353361f3\" data-element_type=\"column\">\n\t\t\t<div class=\"elementor-column-wrap elementor-element-populated\">\n\t\t\t\t\t\t\t<div class=\"elementor-widget-wrap\">\n\t\t\t\t\t\t<div class=\"elementor-element elementor-element-1b434b28 elementor-view-default elementor-widget elementor-widget-icon\" data-id=\"1b434b28\" data-element_type=\"widget\" data-no-translation=\"\" data-widget_type=\"icon.default\">\n\t\t\t\t<div class=\"elementor-widget-container\">\n\t\t\t\t\t<div class=\"elementor-icon-wrapper\">\n\t\t\t<a class=\"elementor-icon elementor-animation-grow\" href=\"https:\/\/sotratherm.com\/es\/aviso-legal\/\">\n\t\t\t<svg xmlns=\"http:\/\/www.w3.org\/2000\/svg\" width=\"700.000000pt\" height=\"700.000000pt\" viewBox=\"0 0 700.000000 700.000000\" preserveAspectRatio=\"xMidYMid meet\"><metadata>\nCreated by potrace 1.12, written by Peter Selinger 2001-2015\n<\/metadata><g transform=\"translate(0.000000,700.000000) scale(0.100000,-0.100000)\" fill=\"#000000\" stroke=\"none\"><path d=\"M5053 5669 c-585 -52 -1049 -314 -1247 -704 -149 -295 -154 -656 -11 -951 149 -309 459 -552 955 -752 69 -28 231 -86 360 -130 498 -170 669 -257 772 -394 67 -88 101 -253 79 -373 -55 -297 -379 -448 -846 -395 -301 35 -496 150 -593 350 -44 91 -72 205 -72 295 l0 55 -445 0 -445 0 0 -56 c0 -146 48 -355 115 -501 108 -234 321 -457 566 -592 394 -218 887 -303 1390 -240 435 54 789 226 995 484 173 215 252 500 224 801 -27 292 -129 513 -330 714 -232 232 -512 379 -1078 566 -172 57 -365 128 -430 157 -220 100 -346 198 -400 315 -24 51 -27 69 -27 168 0 107 1 112 38 186 75 152 233 254 447 288 94 14 306 12 392 -4 214 -41 366 -148 444 -311 36 -75 64 -183 64 -252 l0 -43 445 0 445 0 -6 78 c-19 263 -101 487 -249 684 -306 407 -889 616 -1552 557z\"><\/path><path d=\"M280 3470 l0 -2150 1440 0 1440 0 0 355 0 355 -1000 0 -1000 0 0 575 0 575 850 0 850 0 0 350 0 350 -850 0 -850 0 0 510 0 510 995 0 995 0 0 360 0 360 -1435 0 -1435 0 0 -2150z\"><\/path><\/g><\/svg>\t\t\t<\/a>\n\t\t<\/div>\n\t\t\t\t<\/div>\n\t\t\t\t<\/div>\n\t\t\t\t\t\t<\/div>\n\t\t\t\t\t<\/div>\n\t\t<\/div>\n\t\t\t\t<div class=\"elementor-column elementor-col-25 elementor-top-column elementor-element elementor-element-3e9a0aec\" data-id=\"3e9a0aec\" data-element_type=\"column\">\n\t\t\t<div class=\"elementor-column-wrap elementor-element-populated\">\n\t\t\t\t\t\t\t<div class=\"elementor-widget-wrap\">\n\t\t\t\t\t\t<div class=\"elementor-element elementor-element-7c1a0aae elementor-view-default elementor-widget elementor-widget-icon\" data-id=\"7c1a0aae\" data-element_type=\"widget\" data-no-translation=\"\" data-widget_type=\"icon.default\">\n\t\t\t\t<div class=\"elementor-widget-container\">\n\t\t\t\t\t<div class=\"elementor-icon-wrapper\">\n\t\t\t<a class=\"elementor-icon elementor-animation-grow\" href=\"https:\/\/sotratherm.com\/eu\/aviso-legal\/\">\n\t\t\t<svg xmlns=\"http:\/\/www.w3.org\/2000\/svg\" width=\"700.000000pt\" height=\"700.000000pt\" viewBox=\"0 0 700.000000 700.000000\" preserveAspectRatio=\"xMidYMid meet\"><metadata>\nCreated by potrace 1.12, written by Peter Selinger 2001-2015\n<\/metadata><g transform=\"translate(0.000000,700.000000) scale(0.100000,-0.100000)\" fill=\"#000000\" stroke=\"none\"><path d=\"M140 3470 l0 -2150 1443 2 1442 3 3 353 2 352 -1000 0 -1000 0 0 575 0 575 850 0 850 0 0 350 0 350 -850 0 -850 0 0 510 0 510 995 0 995 0 0 360 0 360 -1440 0 -1440 0 0 -2150z\"><\/path><path d=\"M3573 4073 c3 -1728 -2 -1602 74 -1837 156 -485 556 -820 1107 -931 397 -79 868 -47 1200 81 209 81 371 188 522 346 164 172 267 359 329 598 50 192 48 119 52 1758 l4 1532 -446 0 -445 0 0 -1484 c0 -1576 0 -1564 -46 -1711 -68 -211 -231 -367 -439 -420 -206 -52 -469 -39 -637 34 -203 87 -312 229 -379 496 -10 39 -14 387 -16 1568 l-4 1517 -439 0 -440 0 3 -1547z\"><\/path><\/g><\/svg>\t\t\t<\/a>\n\t\t<\/div>\n\t\t\t\t<\/div>\n\t\t\t\t<\/div>\n\t\t\t\t\t\t<\/div>\n\t\t\t\t\t<\/div>\n\t\t<\/div>\n\t\t\t\t\t\t\t\t<\/div>\n\t\t\t\t\t<\/div>\n\t\t<\/section>\n\t\t\t\t<section class=\"elementor-section elementor-top-section elementor-element elementor-element-2502a91 elementor-section-full_width elementor-section-height-default elementor-section-height-default\" data-id=\"2502a91\" data-element_type=\"section\" data-settings=\"{&quot;background_background&quot;:&quot;classic&quot;,&quot;shape_divider_bottom&quot;:&quot;waves&quot;}\">\n\t\t\t\t\t<div class=\"elementor-shape elementor-shape-bottom\" data-negative=\"false\">\n\t\t\t<svg xmlns=\"http:\/\/www.w3.org\/2000\/svg\" viewBox=\"0 0 1000 100\" preserveAspectRatio=\"none\">\n\t<path class=\"elementor-shape-fill\" d=\"M421.9,6.5c22.6-2.5,51.5,0.4,75.5,5.3c23.6,4.9,70.9,23.5,100.5,35.7c75.8,32.2,133.7,44.5,192.6,49.7\n\tc23.6,2.1,48.7,3.5,103.4-2.5c54.7-6,106.2-25.6,106.2-25.6V0H0v30.3c0,0,72,32.6,158.4,30.5c39.2-0.7,92.8-6.7,134-22.4\n\tc21.2-8.1,52.2-18.2,79.7-24.2C399.3,7.9,411.6,7.5,421.9,6.5z\"\/>\n<\/svg>\t\t<\/div>\n\t\t\t\t\t<div class=\"elementor-container elementor-column-gap-default\">\n\t\t\t\t\t\t\t<div class=\"elementor-row\">\n\t\t\t\t\t<div class=\"elementor-column elementor-col-100 elementor-top-column elementor-element elementor-element-d7f21ec\" data-id=\"d7f21ec\" data-element_type=\"column\">\n\t\t\t<div class=\"elementor-column-wrap elementor-element-populated\">\n\t\t\t\t\t\t\t<div class=\"elementor-widget-wrap\">\n\t\t\t\t\t\t<div class=\"elementor-element elementor-element-16e429b elementor-widget elementor-widget-heading\" data-id=\"16e429b\" data-element_type=\"widget\" data-widget_type=\"heading.default\">\n\t\t\t\t<div class=\"elementor-widget-container\">\n\t\t\t<h2 class=\"elementor-heading-title elementor-size-default\">Aviso Legal<\/h2>\t\t<\/div>\n\t\t\t\t<\/div>\n\t\t\t\t<div class=\"elementor-element elementor-element-a146683 elementor-widget elementor-widget-text-editor\" data-id=\"a146683\" data-element_type=\"widget\" data-widget_type=\"text-editor.default\">\n\t\t\t\t<div class=\"elementor-widget-container\">\n\t\t\t\t\t\t\t\t<div class=\"elementor-text-editor elementor-clearfix\">\n\t\t\t\t<p><b>DERECHOS DE PROPIEDAD INTELECTUAL<\/b><\/p><p>SOTRATHERM S.L.L. es la sociedad titular de esta Web. Excepto indicaci\u00f3n expresa en contrario, la titularidad de todos los derechos de propiedad intelectual e industrial de los contenidos de esta Web corresponden a SOTRATHERM S.L.L.<\/p><p>Todos los contenidos de esta Web (incluyendo, con car\u00e1cter enunciativo y no limitativo: bases de datos, im\u00e1genes, dibujos, gr\u00e1ficos, textos, audio, v\u00eddeo y software) son propiedad de SOTRATHERM S.L.L., excepto si media indicaci\u00f3n expresa en contrario, y est\u00e1n protegidos por las normas nacionales e internacionales de propiedad intelectual e industrial, entre otras.<\/p><p>Por tanto, su contenido no podr\u00e1 ser objeto de manipulaci\u00f3n alguna (modificaci\u00f3n, copia, alteraci\u00f3n, reproducci\u00f3n, transmisi\u00f3n, adaptaci\u00f3n, traducci\u00f3n, etc.) por parte de la persona usuaria o de terceras personas, ya sea total o parcialmente, sin la expresa autorizaci\u00f3n por parte de SOTRATHERM S.L.L., salvo que se indique lo contrario.<\/p><p>Las marcas, r\u00f3tulos, signos distintivos y logos de SOTRATHERM S.L.L. que aparecen en la Web son titularidad de SOTRATHERM S.L.L..<\/p><p><b>Datos Identificativos<\/b><\/p><p>En cumplimiento de la Ley 34\/2002, de Servicios de la Sociedad de la Informaci\u00f3n y de Comercio Electr\u00f3nico, as\u00ed como del resto de normas que regulan el comercio electr\u00f3nico, le informamos de que la p\u00e1gina Web www.sedical.com es propiedad de SOTRATHERM S.L.L..<\/p><p><b>Uso del Portal<\/b><\/p><p>SOTRATHERM S.L.L. no se hace responsable\u00a0 de los da\u00f1os y perjuicios de tipo inform\u00e1tico o de otro tipo que pudiera ocasionar a la persona usuaria visitante el acceso a los contenidos de este sitio, como por ejemplo a t\u00edtulo enunciativo: errores u omisiones en los contenidos, falta de disponibilidad del portal o la transmisi\u00f3n de virus o programas maliciosos o lesivos en los contenidos, a pesar de haber adoptado todas las medidas tecnol\u00f3gicas necesarias para evitarlo.<\/p><p>SOTRATHERM S.L.L. no garantiza la ausencia de virus u otros elementos lesivos que pudieran causar da\u00f1os o alteraciones en el sistema inform\u00e1tico, en los documentos electr\u00f3nicos o en los ficheros de la persona usuaria de este sitio Web. En consecuencia, nuestra organizaci\u00f3n no responde por los da\u00f1os y perjuicios que tales elementos pudieran ocasionar a la persona usuaria o a terceras personas.<\/p><p>La persona usuaria asume la responsabilidad del uso del portal. Dicha responsabilidad se extiende al registro que fuese necesario para acceder a determinados servicios o contenidos.<\/p><p>En dicho registro la persona usuaria ser\u00e1 responsable de aportar informaci\u00f3n veraz y l\u00edcita. Como consecuencia de este registro, a la persona usuaria se le podr\u00e1 proporcionar una contrase\u00f1a de la que ser\u00e1 responsable, comprometi\u00e9ndose a hacer un uso diligente y confidencial de la misma.<\/p><p>La persona usuaria se compromete a hacer un uso adecuado de los contenidos y servicios\u00a0 que SOTRATHERM S.L.L. ofrece a trav\u00e9s de su portal y, con car\u00e1cter enunciativo pero no limitativo, a no emplearlos para las siguientes actuaciones:<\/p><p>a. incurrir en actividades il\u00edcitas, ilegales o contrarias a la buena fe y al orden p\u00fablico<\/p><p>b. difundir contenidos o propaganda de car\u00e1cter racista, xen\u00f3fobo, pornogr\u00e1fico-ilegal, de apolog\u00eda del terrorismo o atentatorio contra los derechos humanos, que vulneren el respeto a la dignidad de la persona, que sean discriminatorios, xen\u00f3fobos, racistas, pornogr\u00e1ficos, que atenten contra la juventud o la infancia, el orden o la seguridad p\u00fablica o que, a su juicio, no resultaran adecuados para su publicaci\u00f3n.<\/p><p>c. provocar da\u00f1os en los sistemas f\u00edsicos y l\u00f3gicos de SOTRATHERM S.L.L., de sus proveedores o de terceras personas, introducir o difundir en la red virus inform\u00e1ticos o cualesquiera otros sistemas f\u00edsicos o l\u00f3gicos que sean susceptibles de provocar los da\u00f1os anteriormente mencionados<\/p><p>d. intentar acceder y, en su caso, utilizar las cuentas de correo electr\u00f3nico de otras personas usuarias y modificar o manipular sus mensajes.<\/p><p>SOTRATHERM S.L.L. no ser\u00e1 responsable de las opiniones vertidas por las personas usuarias a trav\u00e9s de los canales de participaci\u00f3n que, en su caso, se establezcan, reserv\u00e1ndose el derecho de retirar todos aquellos comentarios y aportaciones no resultaran adecuados para su publicaci\u00f3n conforme a las anteriores consideraciones.<\/p><p>SOTRATHERM S.L.L. se reserva el derecho a denegar o retirar el acceso a portal y\/o los servicios ofrecidos sin necesidad de preaviso, a instancia propia o de un tercero, a aquellas personas usuarias que incumplan las presentes condiciones generales de uso.<\/p><p>SOTRATHERM S.L.L. ejercer\u00e1 las acciones que pudieran corresponderle en Derecho derivadas del incumplimiento de las presentes condiciones as\u00ed como cualquier utilizaci\u00f3n indebida de su portal.<\/p>\t\t\t\t\t<\/div>\n\t\t\t\t\t\t<\/div>\n\t\t\t\t<\/div>\n\t\t\t\t\t\t<\/div>\n\t\t\t\t\t<\/div>\n\t\t<\/div>\n\t\t\t\t\t\t\t\t<\/div>\n\t\t\t\t\t<\/div>\n\t\t<\/section>\n\t\t\t\t<section class=\"elementor-section elementor-top-section elementor-element elementor-element-290b9987 elementor-section-boxed elementor-section-height-default elementor-section-height-default\" data-id=\"290b9987\" data-element_type=\"section\" data-settings=\"{&quot;background_background&quot;:&quot;classic&quot;}\">\n\t\t\t\t\t\t<div class=\"elementor-container elementor-column-gap-default\">\n\t\t\t\t\t\t\t<div class=\"elementor-row\">\n\t\t\t\t\t<div class=\"elementor-column elementor-col-50 elementor-top-column elementor-element elementor-element-4a64bb45\" data-id=\"4a64bb45\" data-element_type=\"column\">\n\t\t\t<div class=\"elementor-column-wrap elementor-element-populated\">\n\t\t\t\t\t\t\t<div class=\"elementor-widget-wrap\">\n\t\t\t\t\t\t<div class=\"elementor-element elementor-element-6f176ab5 elementor-widget elementor-widget-image\" data-id=\"6f176ab5\" data-element_type=\"widget\" data-widget_type=\"image.default\">\n\t\t\t\t<div class=\"elementor-widget-container\">\n\t\t\t\t\t\t\t\t<div class=\"elementor-image\">\n\t\t\t\t\t\t\t\t\t\t\t\t<img width=\"300\" height=\"98\" src=\"https:\/\/sotratherm.com\/wp-content\/uploads\/2020\/08\/Sotratherm-LogoBigRounded-300x98.png\" class=\"attachment-medium size-medium\" alt=\"\" loading=\"lazy\" srcset=\"https:\/\/sotratherm.com\/wp-content\/uploads\/2020\/08\/Sotratherm-LogoBigRounded-300x98.png 300w, https:\/\/sotratherm.com\/wp-content\/uploads\/2020\/08\/Sotratherm-LogoBigRounded-1024x334.png 1024w, https:\/\/sotratherm.com\/wp-content\/uploads\/2020\/08\/Sotratherm-LogoBigRounded-768x251.png 768w, https:\/\/sotratherm.com\/wp-content\/uploads\/2020\/08\/Sotratherm-LogoBigRounded-1536x502.png 1536w, https:\/\/sotratherm.com\/wp-content\/uploads\/2020\/08\/Sotratherm-LogoBigRounded-1200x392.png 1200w, https:\/\/sotratherm.com\/wp-content\/uploads\/2020\/08\/Sotratherm-LogoBigRounded.png 1568w\" sizes=\"(max-width: 300px) 100vw, 300px\" \/>\t\t\t\t\t\t\t\t\t\t\t\t\t\t<\/div>\n\t\t\t\t\t\t<\/div>\n\t\t\t\t<\/div>\n\t\t\t\t<div class=\"elementor-element elementor-element-f173bf5 elementor-view-stacked elementor-position-right elementor-shape-circle elementor-mobile-position-top elementor-vertical-align-top elementor-widget elementor-widget-icon-box\" data-id=\"f173bf5\" data-element_type=\"widget\" data-widget_type=\"icon-box.default\">\n\t\t\t\t<div class=\"elementor-widget-container\">\n\t\t\t\t\t<div class=\"elementor-icon-box-wrapper\">\n\t\t\t\t\t\t<div class=\"elementor-icon-box-icon\">\n\t\t\t\t<a class=\"elementor-icon elementor-animation-float\" href=\"#top\">\n\t\t\t\t<i aria-hidden=\"true\" class=\"fas fa-arrow-up\"><\/i>\t\t\t\t<\/a>\n\t\t\t<\/div>\n\t\t\t\t\t\t<div class=\"elementor-icon-box-content\">\n\t\t\t\t<h3 class=\"elementor-icon-box-title\">\n\t\t\t\t\t<a href=\"#top\" >\n\t\t\t\t\t\t\t\t\t\t\t<\/a>\n\t\t\t\t<\/h3>\n\t\t\t\t\t\t\t<\/div>\n\t\t<\/div>\n\t\t\t\t<\/div>\n\t\t\t\t<\/div>\n\t\t\t\t\t\t<\/div>\n\t\t\t\t\t<\/div>\n\t\t<\/div>\n\t\t\t\t<div class=\"elementor-column elementor-col-50 elementor-top-column elementor-element elementor-element-5122647b\" data-id=\"5122647b\" data-element_type=\"column\">\n\t\t\t<div class=\"elementor-column-wrap elementor-element-populated\">\n\t\t\t\t\t\t\t<div class=\"elementor-widget-wrap\">\n\t\t\t\t\t\t<div class=\"elementor-element elementor-element-543ff72d elementor-widget elementor-widget-heading\" data-id=\"543ff72d\" data-element_type=\"widget\" data-widget_type=\"heading.default\">\n\t\t\t\t<div class=\"elementor-widget-container\">\n\t\t\t<h6 class=\"elementor-heading-title elementor-size-small\">SOTRATHERM, S.L.Lab. | 2022<\/h6>\t\t<\/div>\n\t\t\t\t<\/div>\n\t\t\t\t<div class=\"elementor-element elementor-element-641a2de elementor-widget elementor-widget-heading\" data-id=\"641a2de\" data-element_type=\"widget\" data-widget_type=\"heading.default\">\n\t\t\t\t<div class=\"elementor-widget-container\">\n\t\t\t<h6 class=\"elementor-heading-title elementor-size-small\">\u00a9 TODOS LOS DERECHOS RESERVADOS<\/h6>\t\t<\/div>\n\t\t\t\t<\/div>\n\t\t\t\t<div class=\"elementor-element elementor-element-4f433102 elementor-widget elementor-widget-heading\" data-id=\"4f433102\" data-element_type=\"widget\" data-widget_type=\"heading.default\">\n\t\t\t\t<div class=\"elementor-widget-container\">\n\t\t\t<h6 class=\"elementor-heading-title elementor-size-small\">Dr. Atxukarro, 10, 2-D<\/h6>\t\t<\/div>\n\t\t\t\t<\/div>\n\t\t\t\t\t\t<\/div>\n\t\t\t\t\t<\/div>\n\t\t<\/div>\n\t\t\t\t\t\t\t\t<\/div>\n\t\t\t\t\t<\/div>\n\t\t<\/section>\n\t\t\t\t<section class=\"elementor-section elementor-top-section elementor-element elementor-element-b3c5ac6 elementor-section-stretched elementor-section-full_width elementor-section-height-default elementor-section-height-default\" data-id=\"b3c5ac6\" data-element_type=\"section\" data-settings=\"{&quot;stretch_section&quot;:&quot;section-stretched&quot;,&quot;background_background&quot;:&quot;classic&quot;}\">\n\t\t\t\t\t\t<div class=\"elementor-container elementor-column-gap-no\">\n\t\t\t\t\t\t\t<div class=\"elementor-row\">\n\t\t\t\t\t<div class=\"elementor-column elementor-col-100 elementor-top-column elementor-element elementor-element-c5c82d1\" data-id=\"c5c82d1\" data-element_type=\"column\">\n\t\t\t<div class=\"elementor-column-wrap elementor-element-populated\">\n\t\t\t\t\t\t\t<div class=\"elementor-widget-wrap\">\n\t\t\t\t\t\t<div class=\"elementor-element elementor-element-72c90e0 elementor-widget elementor-widget-text-editor\" data-id=\"72c90e0\" data-element_type=\"widget\" data-widget_type=\"text-editor.default\">\n\t\t\t\t<div class=\"elementor-widget-container\">\n\t\t\t\t\t\t\t\t<div class=\"elementor-text-editor elementor-clearfix\">\n\t\t\t\t<p style=\"text-align: center;\"><a href=\"\/aviso-legal\">Aviso Legal<\/a> | <a href=\"https:\/\/sotratherm.com\/politica-privacidad\/\">Pol\u00edtica de cookies<\/a> | <a href=\"\/politica-proteccion-datos\">Pol\u00edtica de protecci\u00f3n de datos<\/a> | <a href=\"\/responsabilidad-corporativa\">Responsabilidad corporativa<\/a><\/p>\t\t\t\t\t<\/div>\n\t\t\t\t\t\t<\/div>\n\t\t\t\t<\/div>\n\t\t\t\t\t\t<\/div>\n\t\t\t\t\t<\/div>\n\t\t<\/div>\n\t\t\t\t\t\t\t\t<\/div>\n\t\t\t\t\t<\/div>\n\t\t<\/section>\n\t\t\t\t\t\t\t\t\t<\/div>\n\t\t\t<\/div>\n\t\t\t\t\t<\/div>\n\t\t","protected":false},"excerpt":{"rendered":"<p>Created by potrace 1.12, written by Peter Selinger 2001-2015 Created by potrace 1.12, written by Peter Selinger 2001-2015 Aviso Legal DERECHOS DE PROPIEDAD INTELECTUAL SOTRATHERM S.L.L. es la sociedad titular de esta Web. Excepto indicaci\u00f3n expresa en contrario, la titularidad de todos los derechos de propiedad intelectual e industrial de los contenidos de esta Web [&hellip;]<\/p>\n","protected":false},"author":1,"featured_media":0,"parent":0,"menu_order":0,"comment_status":"closed","ping_status":"closed","template":"elementor_canvas","meta":[],"_links":{"self":[{"href":"http:\/\/sotratherm.com\/es\/wp-json\/wp\/v2\/pages\/1459"}],"collection":[{"href":"http:\/\/sotratherm.com\/es\/wp-json\/wp\/v2\/pages"}],"about":[{"href":"http:\/\/sotratherm.com\/es\/wp-json\/wp\/v2\/types\/page"}],"author":[{"embeddable":true,"href":"http:\/\/sotratherm.com\/es\/wp-json\/wp\/v2\/users\/1"}],"replies":[{"embeddable":true,"href":"http:\/\/sotratherm.com\/es\/wp-json\/wp\/v2\/comments?post=1459"}],"version-history":[{"count":35,"href":"http:\/\/sotratherm.com\/es\/wp-json\/wp\/v2\/pages\/1459\/revisions"}],"predecessor-version":[{"id":2127,"href":"http:\/\/sotratherm.com\/es\/wp-json\/wp\/v2\/pages\/1459\/revisions\/2127"}],"wp:attachment":[{"href":"http:\/\/sotratherm.com\/es\/wp-json\/wp\/v2\/media?parent=1459"}],"curies":[{"name":"wp","href":"https:\/\/api.w.org\/{rel}","templated":true}]}}